{"id":199,"date":"2024-03-14T22:58:21","date_gmt":"2024-03-15T01:58:21","guid":{"rendered":"https:\/\/homologacao.websyte.com.br\/nobel\/?page_id=199"},"modified":"2024-03-22T14:19:24","modified_gmt":"2024-03-22T17:19:24","slug":"faq-contato","status":"publish","type":"page","link":"https:\/\/homologacao.websyte.com.br\/nobel\/faq-contato\/","title":{"rendered":"FAQ &amp; Contato"},"content":{"rendered":"\t\t<div data-elementor-type=\"wp-page\" data-elementor-id=\"199\" class=\"elementor elementor-199\" data-elementor-post-type=\"page\">\n\t\t\t\t<div class=\"elementor-element elementor-element-896aad2 e-flex e-con-boxed e-con e-child\" data-id=\"896aad2\" data-element_type=\"container\" data-settings=\"{&quot;container_type&quot;:&quot;flex&quot;,&quot;content_width&quot;:&quot;boxed&quot;}\">\n\t\t\t\t\t<div class=\"e-con-inner\">\n\t\t\t\t<div class=\"elementor-element elementor-element-9f47ed9 elementor-widget elementor-widget-text-editor\" data-id=\"9f47ed9\" data-element_type=\"widget\" data-widget_type=\"text-editor.default\">\n\t\t\t\t<div class=\"elementor-widget-container\">\n\t\t\t<style>\/*! elementor - v3.19.0 - 28-02-2024 *\/\n.elementor-widget-text-editor.elementor-drop-cap-view-stacked .elementor-drop-cap{background-color:#69727d;color:#fff}.elementor-widget-text-editor.elementor-drop-cap-view-framed .elementor-drop-cap{color:#69727d;border:3px solid;background-color:transparent}.elementor-widget-text-editor:not(.elementor-drop-cap-view-default) .elementor-drop-cap{margin-top:8px}.elementor-widget-text-editor:not(.elementor-drop-cap-view-default) .elementor-drop-cap-letter{width:1em;height:1em}.elementor-widget-text-editor .elementor-drop-cap{float:left;text-align:center;line-height:1;font-size:50px}.elementor-widget-text-editor .elementor-drop-cap-letter{display:inline-block}<\/style>\t\t\t\t<p><b>Com quem devo entrar em contato em caso de d\u00favidas da imprensa sobre o evento?<br \/><\/b>Para consultas da imprensa, entre em contato com: Rebecka Oxelstr\u00f6m, Chefe de Imprensa, Nobel Prize Outreach: <a href=\"mailto:rebecka.oxelstom@nobelprize.org\">rebecka.oxelstom@nobelprize.org<\/a><\/p><p><b>O que \u00e9 o Nobel Prize Dialogue?<br \/><\/b>O Nobel Prize Dialogue \u00e9 uma reuni\u00e3o aberta e interdisciplinar que re\u00fane uma constela\u00e7\u00e3o \u00fanica de laureados com o Pr\u00eamio Nobel, cientistas de destaque mundial, formuladores de pol\u00edticas e l\u00edderes de pensamento para discutir quest\u00f5es globais que afetam a todos n\u00f3s. Um f\u00f3rum para cientistas e n\u00e3o cientistas, a reuni\u00e3o tem como objetivo aprofundar o di\u00e1logo entre a comunidade cient\u00edfica e o restante da sociedade. O Nobel Prize Dialogue \u00e9 gratuito para participa\u00e7\u00e3o presencial e acess\u00edvel a uma audi\u00eancia mundial online.<\/p><p><b>Como posso participar do Nobel Prize Dialogue?<br \/><\/b>O Nobel Prize Dialogue Rio and S\u00e3o Paulo \u00e9 gratuito para participar e as inscri\u00e7\u00f5es ser\u00e3o abertas em mar\u00e7o. Voc\u00ea tamb\u00e9m pode participar online. Para estender o alcance da reuni\u00e3o al\u00e9m da audi\u00eancia presencial no Rio e em S\u00e3o Paulo, as atividades ser\u00e3o transmitidas para uma audi\u00eancia online mundial, al\u00e9m de serem gravados para postagem como v\u00eddeo sob demanda.<\/p><p><b>Posso assistir ao evento depois que ele acontecer?<br \/><\/b>Sim. Voc\u00ea poder\u00e1 assistir a todas as sess\u00f5es em <a href=\"https:\/\/www.youtube.com\/nobelprize\" target=\"_blank\" rel=\"noopener\">YouTube.com\/NobelPrize<\/a><\/p><p><b>Posso apresentar meu trabalho no Nobel Prize Dialogue?<br \/><\/b>N\u00e3o, apenas palestrantes convidados poder\u00e3o apresentar no Nobel Prize Dialogue.<\/p><p><b>A reuni\u00e3o \u00e9 em ingl\u00eas ou portugu\u00eas?<br \/><\/b>O evento ser\u00e1 realizado em ingl\u00eas, mas tradu\u00e7\u00e3o simult\u00e2nea para o portugu\u00eas ser\u00e1 disponibilizada.<\/p>\t\t\t\t\t\t<\/div>\n\t\t\t\t<\/div>\n\t\t\t\t\t<\/div>\n\t\t\t\t<\/div>\n\t\t\t\t<\/div>\n\t\t","protected":false},"excerpt":{"rendered":"<p>Com quem devo entrar em contato em caso de d\u00favidas da imprensa sobre o evento?Para consultas da imprensa, entre em contato com: Rebecka Oxelstr\u00f6m, Chefe de Imprensa, Nobel Prize Outreach: rebecka.oxelstom@nobelprize.org O que \u00e9 o Nobel Prize Dialogue?O Nobel Prize Dialogue \u00e9 uma reuni\u00e3o aberta e interdisciplinar que re\u00fane uma constela\u00e7\u00e3o \u00fanica de laureados com [&hellip;]<\/p>\n","protected":false},"author":1,"featured_media":0,"parent":0,"menu_order":0,"comment_status":"closed","ping_status":"closed","template":"","meta":{"footnotes":""},"class_list":["post-199","page","type-page","status-publish","hentry"],"_links":{"self":[{"href":"https:\/\/homologacao.websyte.com.br\/nobel\/wp-json\/wp\/v2\/pages\/199","targetHints":{"allow":["GET"]}}],"collection":[{"href":"https:\/\/homologacao.websyte.com.br\/nobel\/wp-json\/wp\/v2\/pages"}],"about":[{"href":"https:\/\/homologacao.websyte.com.br\/nobel\/wp-json\/wp\/v2\/types\/page"}],"author":[{"embeddable":true,"href":"https:\/\/homologacao.websyte.com.br\/nobel\/wp-json\/wp\/v2\/users\/1"}],"replies":[{"embeddable":true,"href":"https:\/\/homologacao.websyte.com.br\/nobel\/wp-json\/wp\/v2\/comments?post=199"}],"version-history":[{"count":19,"href":"https:\/\/homologacao.websyte.com.br\/nobel\/wp-json\/wp\/v2\/pages\/199\/revisions"}],"predecessor-version":[{"id":503,"href":"https:\/\/homologacao.websyte.com.br\/nobel\/wp-json\/wp\/v2\/pages\/199\/revisions\/503"}],"wp:attachment":[{"href":"https:\/\/homologacao.websyte.com.br\/nobel\/wp-json\/wp\/v2\/media?parent=199"}],"curies":[{"name":"wp","href":"https:\/\/api.w.org\/{rel}","templated":true}]}}