{"id":2294,"date":"2021-07-24T16:51:27","date_gmt":"2021-07-24T19:51:27","guid":{"rendered":"https:\/\/homologacao.websyte.com.br\/rplaw\/?page_id=2294"},"modified":"2021-09-03T23:47:58","modified_gmt":"2021-09-04T02:47:58","slug":"roberto-renault","status":"publish","type":"page","link":"https:\/\/homologacao.websyte.com.br\/rplaw\/profissionais\/roberto-renault\/","title":{"rendered":"ROBERTO WILSON RENAULT PINTO"},"content":{"rendered":"\t\t<div data-elementor-type=\"wp-page\" data-elementor-id=\"2294\" class=\"elementor elementor-2294\">\n\t\t\t\t\t\t\t\t\t<section class=\"elementor-section elementor-top-section elementor-element elementor-element-fb58e5d elementor-section-height-min-height elementor-section-items-bottom elementor-section-boxed elementor-section-height-default\" data-id=\"fb58e5d\" data-element_type=\"section\" data-settings=\"{&quot;background_background&quot;:&quot;classic&quot;}\">\n\t\t\t\t\t\t\t<div class=\"elementor-background-overlay\"><\/div>\n\t\t\t\t\t\t\t<div class=\"elementor-container elementor-column-gap-default\">\n\t\t\t\t\t<div class=\"elementor-column elementor-col-100 elementor-top-column elementor-element elementor-element-0910884\" data-id=\"0910884\" data-element_type=\"column\">\n\t\t\t<div class=\"elementor-widget-wrap elementor-element-populated\">\n\t\t\t\t\t\t\t\t<div class=\"elementor-element elementor-element-a3d17ca elementor-widget elementor-widget-heading\" data-id=\"a3d17ca\" data-element_type=\"widget\" data-widget_type=\"heading.default\">\n\t\t\t\t<div class=\"elementor-widget-container\">\n\t\t\t<style>\/*! elementor - v3.7.4 - 31-08-2022 *\/\n.elementor-heading-title{padding:0;margin:0;line-height:1}.elementor-widget-heading .elementor-heading-title[class*=elementor-size-]>a{color:inherit;font-size:inherit;line-height:inherit}.elementor-widget-heading .elementor-heading-title.elementor-size-small{font-size:15px}.elementor-widget-heading .elementor-heading-title.elementor-size-medium{font-size:19px}.elementor-widget-heading .elementor-heading-title.elementor-size-large{font-size:29px}.elementor-widget-heading .elementor-heading-title.elementor-size-xl{font-size:39px}.elementor-widget-heading .elementor-heading-title.elementor-size-xxl{font-size:59px}<\/style><h2 class=\"elementor-heading-title elementor-size-default\">Profissionais\u200b<\/h2>\t\t<\/div>\n\t\t\t\t<\/div>\n\t\t\t\t<div class=\"elementor-element elementor-element-d4f89cf elementor-widget elementor-widget-image\" data-id=\"d4f89cf\" data-element_type=\"widget\" data-widget_type=\"image.default\">\n\t\t\t\t<div class=\"elementor-widget-container\">\n\t\t\t<style>\/*! elementor - v3.7.4 - 31-08-2022 *\/\n.elementor-widget-image{text-align:center}.elementor-widget-image a{display:inline-block}.elementor-widget-image a img[src$=\".svg\"]{width:48px}.elementor-widget-image img{vertical-align:middle;display:inline-block}<\/style>\t\t\t\t\t\t\t\t\t\t\t\t<img src=\"https:\/\/homologacao.websyte.com.br\/rplaw\/wp-content\/uploads\/2021\/06\/line-1.png\" title=\"\" alt=\"\" \/>\t\t\t\t\t\t\t\t\t\t\t\t\t\t\t<\/div>\n\t\t\t\t<\/div>\n\t\t\t\t\t<\/div>\n\t\t<\/div>\n\t\t\t\t\t\t\t<\/div>\n\t\t<\/section>\n\t\t\t\t<section class=\"elementor-section elementor-top-section elementor-element elementor-element-036e67c elementor-section-boxed elementor-section-height-default elementor-section-height-default\" data-id=\"036e67c\" data-element_type=\"section\" data-settings=\"{&quot;background_background&quot;:&quot;classic&quot;}\">\n\t\t\t\t\t\t<div class=\"elementor-container elementor-column-gap-default\">\n\t\t\t\t\t<div class=\"elementor-column elementor-col-50 elementor-top-column elementor-element elementor-element-1758cc4\" data-id=\"1758cc4\" data-element_type=\"column\">\n\t\t\t<div class=\"elementor-widget-wrap elementor-element-populated\">\n\t\t\t\t\t\t\t\t<div class=\"elementor-element elementor-element-9adea51 elementor-widget__width-auto elementor-widget elementor-widget-heading\" data-id=\"9adea51\" data-element_type=\"widget\" data-widget_type=\"heading.default\">\n\t\t\t\t<div class=\"elementor-widget-container\">\n\t\t\t<h2 class=\"elementor-heading-title elementor-size-default\">Assine nossa newsletter<\/h2>\t\t<\/div>\n\t\t\t\t<\/div>\n\t\t\t\t\t<\/div>\n\t\t<\/div>\n\t\t\t\t<div class=\"elementor-column elementor-col-50 elementor-top-column elementor-element elementor-element-1a86032\" data-id=\"1a86032\" data-element_type=\"column\">\n\t\t\t<div class=\"elementor-widget-wrap elementor-element-populated\">\n\t\t\t\t\t\t\t\t<div class=\"elementor-element elementor-element-94fd082 elementor-widget elementor-widget-htmega-contactform-addons\" data-id=\"94fd082\" data-element_type=\"widget\" id=\"newsletter\" data-widget_type=\"htmega-contactform-addons.default\">\n\t\t\t\t<div class=\"elementor-widget-container\">\n\t\t\t            <div class=\"htmega-form-wrapper htmega-form-style-1\" >\r\n                <div role=\"form\" class=\"wpcf7\" id=\"wpcf7-f3026-o1\" lang=\"pt-BR\" dir=\"ltr\">\n<div class=\"screen-reader-response\"><p role=\"status\" aria-live=\"polite\" aria-atomic=\"true\"><\/p> <ul><\/ul><\/div>\n<form action=\"\/rplaw\/wp-json\/wp\/v2\/pages\/2294#wpcf7-f3026-o1\" method=\"post\" class=\"wpcf7-form init\" novalidate=\"novalidate\" data-status=\"init\">\n<div style=\"display: none;\">\n<input type=\"hidden\" name=\"_wpcf7\" value=\"3026\" \/>\n<input type=\"hidden\" name=\"_wpcf7_version\" value=\"5.6.3\" \/>\n<input type=\"hidden\" name=\"_wpcf7_locale\" value=\"pt_BR\" \/>\n<input type=\"hidden\" name=\"_wpcf7_unit_tag\" value=\"wpcf7-f3026-o1\" \/>\n<input type=\"hidden\" name=\"_wpcf7_container_post\" value=\"0\" \/>\n<input type=\"hidden\" name=\"_wpcf7_posted_data_hash\" value=\"\" \/>\n<\/div>\n<p><span class=\"wpcf7-form-control-wrap\" data-name=\"your-name\"><input type=\"text\" name=\"your-name\" value=\"\" size=\"40\" class=\"wpcf7-form-control wpcf7-text wpcf7-validates-as-required\" aria-required=\"true\" aria-invalid=\"false\" placeholder=\"Nome\" \/><\/span><span class=\"wpcf7-form-control-wrap\" data-name=\"your-email\"><input type=\"email\" name=\"your-email\" value=\"\" size=\"40\" class=\"wpcf7-form-control wpcf7-text wpcf7-email wpcf7-validates-as-required wpcf7-validates-as-email\" aria-required=\"true\" aria-invalid=\"false\" placeholder=\"E-mail\" \/><\/span><input type=\"submit\" value=\"Enviar\" class=\"wpcf7-form-control has-spinner wpcf7-submit\" \/><\/p>\n<div class=\"wpcf7-response-output\" aria-hidden=\"true\"><\/div><\/form><\/div>            <\/div>\r\n\r\n        \t\t<\/div>\n\t\t\t\t<\/div>\n\t\t\t\t\t<\/div>\n\t\t<\/div>\n\t\t\t\t\t\t\t<\/div>\n\t\t<\/section>\n\t\t\t\t<section class=\"elementor-section elementor-top-section elementor-element elementor-element-7d0441f elementor-section-boxed elementor-section-height-default elementor-section-height-default\" data-id=\"7d0441f\" data-element_type=\"section\">\n\t\t\t\t\t\t<div class=\"elementor-container elementor-column-gap-default\">\n\t\t\t\t\t<div class=\"elementor-column elementor-col-100 elementor-top-column elementor-element elementor-element-d1bac52\" data-id=\"d1bac52\" data-element_type=\"column\">\n\t\t\t<div class=\"elementor-widget-wrap elementor-element-populated\">\n\t\t\t\t\t\t\t\t<section class=\"elementor-section elementor-inner-section elementor-element elementor-element-f5627cb elementor-section-boxed elementor-section-height-default elementor-section-height-default\" data-id=\"f5627cb\" data-element_type=\"section\">\n\t\t\t\t\t\t<div class=\"elementor-container elementor-column-gap-default\">\n\t\t\t\t\t<div class=\"elementor-column elementor-col-50 elementor-inner-column elementor-element elementor-element-6f02b49\" data-id=\"6f02b49\" data-element_type=\"column\">\n\t\t\t<div class=\"elementor-widget-wrap elementor-element-populated\">\n\t\t\t\t\t\t\t\t<div class=\"elementor-element elementor-element-8965dbd elementor-widget elementor-widget-image\" data-id=\"8965dbd\" data-element_type=\"widget\" data-widget_type=\"image.default\">\n\t\t\t\t<div class=\"elementor-widget-container\">\n\t\t\t\t\t\t\t\t\t\t\t\t\t\t\t<img width=\"337\" height=\"337\" src=\"https:\/\/homologacao.websyte.com.br\/rplaw\/wp-content\/uploads\/2021\/06\/Roberto-Wilson-Renault-Pinto.jpg\" class=\"attachment-large size-large\" alt=\"\" loading=\"lazy\" srcset=\"https:\/\/homologacao.websyte.com.br\/rplaw\/wp-content\/uploads\/2021\/06\/Roberto-Wilson-Renault-Pinto.jpg 337w, https:\/\/homologacao.websyte.com.br\/rplaw\/wp-content\/uploads\/2021\/06\/Roberto-Wilson-Renault-Pinto-150x150.jpg 150w\" sizes=\"(max-width: 337px) 100vw, 337px\" \/>\t\t\t\t\t\t\t\t\t\t\t\t\t\t\t<\/div>\n\t\t\t\t<\/div>\n\t\t\t\t\t<\/div>\n\t\t<\/div>\n\t\t\t\t<div class=\"elementor-column elementor-col-50 elementor-inner-column elementor-element elementor-element-0d37612\" data-id=\"0d37612\" data-element_type=\"column\">\n\t\t\t<div class=\"elementor-widget-wrap elementor-element-populated\">\n\t\t\t\t\t\t\t\t<div class=\"elementor-element elementor-element-8e68e41 elementor-widget elementor-widget-heading\" data-id=\"8e68e41\" data-element_type=\"widget\" data-widget_type=\"heading.default\">\n\t\t\t\t<div class=\"elementor-widget-container\">\n\t\t\t<h2 class=\"elementor-heading-title elementor-size-default\">ROBERTO WILSON RENAULT PINTO<\/h2>\t\t<\/div>\n\t\t\t\t<\/div>\n\t\t\t\t<div class=\"elementor-element elementor-element-f06f4bd elementor-widget elementor-widget-text-editor\" data-id=\"f06f4bd\" data-element_type=\"widget\" data-widget_type=\"text-editor.default\">\n\t\t\t\t<div class=\"elementor-widget-container\">\n\t\t\t<style>\/*! elementor - v3.7.4 - 31-08-2022 *\/\n.elementor-widget-text-editor.elementor-drop-cap-view-stacked .elementor-drop-cap{background-color:#818a91;color:#fff}.elementor-widget-text-editor.elementor-drop-cap-view-framed .elementor-drop-cap{color:#818a91;border:3px solid;background-color:transparent}.elementor-widget-text-editor:not(.elementor-drop-cap-view-default) .elementor-drop-cap{margin-top:8px}.elementor-widget-text-editor:not(.elementor-drop-cap-view-default) .elementor-drop-cap-letter{width:1em;height:1em}.elementor-widget-text-editor .elementor-drop-cap{float:left;text-align:center;line-height:1;font-size:50px}.elementor-widget-text-editor .elementor-drop-cap-letter{display:inline-block}<\/style>\t\t\t\t<p>E-mail: r.renault@rplaw.com.br<\/p>\t\t\t\t\t\t<\/div>\n\t\t\t\t<\/div>\n\t\t\t\t<div class=\"elementor-element elementor-element-4e1f300 elementor-widget elementor-widget-heading\" data-id=\"4e1f300\" data-element_type=\"widget\" data-widget_type=\"heading.default\">\n\t\t\t\t<div class=\"elementor-widget-container\">\n\t\t\t<h2 class=\"elementor-heading-title elementor-size-default\"><br>ATUA\u00c7\u00c3O<\/h2>\t\t<\/div>\n\t\t\t\t<\/div>\n\t\t\t\t<div class=\"elementor-element elementor-element-a7904dc elementor-widget elementor-widget-text-editor\" data-id=\"a7904dc\" data-element_type=\"widget\" data-widget_type=\"text-editor.default\">\n\t\t\t\t<div class=\"elementor-widget-container\">\n\t\t\t\t\t\t\t<p>Contencioso Estrat\u00e9gico<\/p>\t\t\t\t\t\t<\/div>\n\t\t\t\t<\/div>\n\t\t\t\t<div class=\"elementor-element elementor-element-ef3e4b9 elementor-widget elementor-widget-heading\" data-id=\"ef3e4b9\" data-element_type=\"widget\" data-widget_type=\"heading.default\">\n\t\t\t\t<div class=\"elementor-widget-container\">\n\t\t\t<h2 class=\"elementor-heading-title elementor-size-default\">S\u00c3O PAULO<\/h2>\t\t<\/div>\n\t\t\t\t<\/div>\n\t\t\t\t\t<\/div>\n\t\t<\/div>\n\t\t\t\t\t\t\t<\/div>\n\t\t<\/section>\n\t\t\t\t<div class=\"elementor-element elementor-element-b2e45fe elementor-mobile-align-justify elementor-widget elementor-widget-button\" data-id=\"b2e45fe\" data-element_type=\"widget\" data-widget_type=\"button.default\">\n\t\t\t\t<div class=\"elementor-widget-container\">\n\t\t\t\t\t<div class=\"elementor-button-wrapper\">\n\t\t\t<a href=\"https:\/\/homologacao.websyte.com.br\/rplaw\/wp-content\/uploads\/2020\/04\/Renault_Advogados_CV_Roberto_Renault.pdf\" class=\"elementor-button-link elementor-button elementor-size-sm\" role=\"button\">\n\t\t\t\t\t\t<span class=\"elementor-button-content-wrapper\">\n\t\t\t\t\t\t\t<span class=\"elementor-button-icon elementor-align-icon-left\">\n\t\t\t\t\t\t\t<\/span>\n\t\t\t\t\t\t<span class=\"elementor-button-text\">FAZER DOWNLOAD DO CURR\u00cdCULO<\/span>\n\t\t<\/span>\n\t\t\t\t\t<\/a>\n\t\t<\/div>\n\t\t\t\t<\/div>\n\t\t\t\t<\/div>\n\t\t\t\t\t<\/div>\n\t\t<\/div>\n\t\t\t\t\t\t\t<\/div>\n\t\t<\/section>\n\t\t\t\t<section class=\"elementor-section elementor-top-section elementor-element elementor-element-bdaa8cf elementor-section-boxed elementor-section-height-default elementor-section-height-default\" data-id=\"bdaa8cf\" data-element_type=\"section\">\n\t\t\t\t\t\t<div class=\"elementor-container elementor-column-gap-default\">\n\t\t\t\t\t<div class=\"elementor-column elementor-col-100 elementor-top-column elementor-element elementor-element-bba8345\" data-id=\"bba8345\" data-element_type=\"column\">\n\t\t\t<div class=\"elementor-widget-wrap elementor-element-populated\">\n\t\t\t\t\t\t\t\t<div class=\"elementor-element elementor-element-3a5e0d4 elementor-widget elementor-widget-heading\" data-id=\"3a5e0d4\" data-element_type=\"widget\" data-widget_type=\"heading.default\">\n\t\t\t\t<div class=\"elementor-widget-container\">\n\t\t\t<h2 class=\"elementor-heading-title elementor-size-default\">FORMA\u00c7\u00c3O ACAD\u00caMICA<\/h2>\t\t<\/div>\n\t\t\t\t<\/div>\n\t\t\t\t<div class=\"elementor-element elementor-element-2ab7431 elementor-widget elementor-widget-text-editor\" data-id=\"2ab7431\" data-element_type=\"widget\" data-widget_type=\"text-editor.default\">\n\t\t\t\t<div class=\"elementor-widget-container\">\n\t\t\t\t\t\t\t<p><strong>\u2022 Graduado pela Universidade Federal do Rio de Janeiro (UFRJ)<\/strong><\/p>\t\t\t\t\t\t<\/div>\n\t\t\t\t<\/div>\n\t\t\t\t<div class=\"elementor-element elementor-element-3966a1e elementor-widget elementor-widget-heading\" data-id=\"3966a1e\" data-element_type=\"widget\" data-widget_type=\"heading.default\">\n\t\t\t\t<div class=\"elementor-widget-container\">\n\t\t\t<h2 class=\"elementor-heading-title elementor-size-default\">PRINCIPAIS PUBLICA\u00c7\u00d5ES<\/h2>\t\t<\/div>\n\t\t\t\t<\/div>\n\t\t\t\t<div class=\"elementor-element elementor-element-2f44d73 elementor-widget elementor-widget-text-editor\" data-id=\"2f44d73\" data-element_type=\"widget\" data-widget_type=\"text-editor.default\">\n\t\t\t\t<div class=\"elementor-widget-container\">\n\t\t\t\t\t\t\t<p><strong>Artigo:<\/strong> O Fundo de Com\u00e9rcio dos Shopping Centers e o Decreto n\u00ba 24.150\/34. In Shopping Centers \u2013<br \/>Quest\u00f5es Jur\u00eddicas. Editora Saraiva, 1991.<\/p><p><strong>Artigo:<\/strong> Real Estate Transactions. In A Pratical Global Guide. Londres: Globe Law and Business Practical, 2012.<\/p><p><strong>Artigo:<\/strong> Alguns aspectos pol\u00eamicos de direito constitucional aplicados \u00e0 atividade imobili\u00e1ria. In Temas De Direito Imobili\u00e1rio. S\u00e3o Paulo: Instituto Dos Advogados. 2017.<\/p><p><strong>Artigo:<\/strong> Loteamento de acesso controlado. In Estatuto Fundi\u00e1rio Brasileiro \u2013 Coment\u00e1rios \u00e0 Lei n\u00ba 13.465\/17. S\u00e3o Paulo: Instituto Dos Advogados. 2018.<\/p><p><strong>Artigo:<\/strong> Shopping centers \u2013 anota\u00e7\u00f5es \u00e0 rela\u00e7\u00e3o contratual empreendedor e lojista. In Revista Ibradim n\u00ba 2. S\u00e3o Paulo. 2019.<\/p><p><strong>Artigo:<\/strong> Loca\u00e7\u00e3o por temporada atrav\u00e9s de plataformas. In Revista Eletr\u00f4nica. S\u00e3o Paulo: Ibradim. 2\u00ba Semestre 2019.<\/p><p><strong>Artigo:<\/strong> Perda da posse pelo fiduciante, no caso inadimplemento de contrato de financiamento com garantia de aliena\u00e7\u00e3o fiduci\u00e1ria de bem im\u00f3vel \u2013 Revista S\u00edntese \u2013 Direito Imobili\u00e1rio. S\u00e3o Paulo: Sage. Set.\/Out 19 E Revista Virtual Da Escola Superior De Advocacia, Nov\/19.<\/p><p><strong>Artigo:<\/strong> Os direitos e as garantias individuais e as contribui\u00e7\u00f5es relacionadas \u00e0 sua aplica\u00e7\u00e3o, nos 30 anos da constitui\u00e7\u00e3o de 1988. In Ensaios Sobre A Constitui\u00e7\u00e3o De 1988. S\u00e3o Paulo: Liber Ars. 2019.<\/p>\t\t\t\t\t\t<\/div>\n\t\t\t\t<\/div>\n\t\t\t\t<div class=\"elementor-element elementor-element-d44954f elementor-widget elementor-widget-heading\" data-id=\"d44954f\" data-element_type=\"widget\" data-widget_type=\"heading.default\">\n\t\t\t\t<div class=\"elementor-widget-container\">\n\t\t\t<h2 class=\"elementor-heading-title elementor-size-default\">ATUA\u00c7\u00d5ES EM ENTIDADES<\/h2>\t\t<\/div>\n\t\t\t\t<\/div>\n\t\t\t\t<div class=\"elementor-element elementor-element-97bec21 elementor-widget elementor-widget-text-editor\" data-id=\"97bec21\" data-element_type=\"widget\" data-widget_type=\"text-editor.default\">\n\t\t\t\t<div class=\"elementor-widget-container\">\n\t\t\t\t\t\t\t<p><strong>IASP \u2013 Instituto dos Advogados de S\u00e3o Paulo<\/strong><br \/>Fun\u00e7\u00e3o\/Cargo: Membro da Comiss\u00e3o de Direito Imobili\u00e1rio<\/p><p><strong>IBRADIM \u2013 Instituto Brasileiro de Direito Imobili\u00e1rio<\/strong><br \/>Fun\u00e7\u00e3o\/Cargo: S\u00f3cio e Membro da Comiss\u00e3o de Shopping Centers<\/p>\t\t\t\t\t\t<\/div>\n\t\t\t\t<\/div>\n\t\t\t\t\t<\/div>\n\t\t<\/div>\n\t\t\t\t\t\t\t<\/div>\n\t\t<\/section>\n\t\t\t\t\t\t\t<\/div>\n\t\t","protected":false},"excerpt":{"rendered":"<p>Profissionais\u200b Assine nossa newsletter ROBERTO WILSON RENAULT PINTO E-mail: r.renault@rplaw.com.br ATUA\u00c7\u00c3O Contencioso Estrat\u00e9gico S\u00c3O PAULO FAZER DOWNLOAD DO CURR\u00cdCULO FORMA\u00c7\u00c3O ACAD\u00caMICA \u2022 Graduado pela Universidade Federal do Rio de Janeiro (UFRJ) PRINCIPAIS PUBLICA\u00c7\u00d5ES Artigo: O Fundo de Com\u00e9rcio dos Shopping Centers e o Decreto n\u00ba 24.150\/34. In Shopping Centers \u2013Quest\u00f5es Jur\u00eddicas. Editora Saraiva, 1991. Artigo: [&hellip;]<\/p>\n","protected":false},"author":2,"featured_media":0,"parent":212,"menu_order":0,"comment_status":"closed","ping_status":"closed","template":"elementor_header_footer","meta":{"_joinchat":[]},"_links":{"self":[{"href":"https:\/\/homologacao.websyte.com.br\/rplaw\/wp-json\/wp\/v2\/pages\/2294"}],"collection":[{"href":"https:\/\/homologacao.websyte.com.br\/rplaw\/wp-json\/wp\/v2\/pages"}],"about":[{"href":"https:\/\/homologacao.websyte.com.br\/rplaw\/wp-json\/wp\/v2\/types\/page"}],"author":[{"embeddable":true,"href":"https:\/\/homologacao.websyte.com.br\/rplaw\/wp-json\/wp\/v2\/users\/2"}],"replies":[{"embeddable":true,"href":"https:\/\/homologacao.websyte.com.br\/rplaw\/wp-json\/wp\/v2\/comments?post=2294"}],"version-history":[{"count":3,"href":"https:\/\/homologacao.websyte.com.br\/rplaw\/wp-json\/wp\/v2\/pages\/2294\/revisions"}],"predecessor-version":[{"id":3124,"href":"https:\/\/homologacao.websyte.com.br\/rplaw\/wp-json\/wp\/v2\/pages\/2294\/revisions\/3124"}],"up":[{"embeddable":true,"href":"https:\/\/homologacao.websyte.com.br\/rplaw\/wp-json\/wp\/v2\/pages\/212"}],"wp:attachment":[{"href":"https:\/\/homologacao.websyte.com.br\/rplaw\/wp-json\/wp\/v2\/media?parent=2294"}],"curies":[{"name":"wp","href":"https:\/\/api.w.org\/{rel}","templated":true}]}}