{"id":2331,"date":"2021-07-24T17:39:13","date_gmt":"2021-07-24T20:39:13","guid":{"rendered":"https:\/\/homologacao.websyte.com.br\/rplaw\/?page_id=2331"},"modified":"2021-09-15T12:21:58","modified_gmt":"2021-09-15T15:21:58","slug":"gustavo-renault","status":"publish","type":"page","link":"https:\/\/homologacao.websyte.com.br\/rplaw\/profissionais\/gustavo-renault\/","title":{"rendered":"GUSTAVO DA GAMA VITAL DE OLIVEIRA"},"content":{"rendered":"\t\t<div data-elementor-type=\"wp-page\" data-elementor-id=\"2331\" class=\"elementor elementor-2331\">\n\t\t\t\t\t\t\t\t\t<section class=\"elementor-section elementor-top-section elementor-element elementor-element-fb58e5d elementor-section-height-min-height elementor-section-items-bottom elementor-section-boxed elementor-section-height-default\" data-id=\"fb58e5d\" data-element_type=\"section\" data-settings=\"{&quot;background_background&quot;:&quot;classic&quot;}\">\n\t\t\t\t\t\t\t<div class=\"elementor-background-overlay\"><\/div>\n\t\t\t\t\t\t\t<div class=\"elementor-container elementor-column-gap-default\">\n\t\t\t\t\t<div class=\"elementor-column elementor-col-100 elementor-top-column elementor-element elementor-element-0910884\" data-id=\"0910884\" data-element_type=\"column\">\n\t\t\t<div class=\"elementor-widget-wrap elementor-element-populated\">\n\t\t\t\t\t\t\t\t<div class=\"elementor-element elementor-element-a3d17ca elementor-widget elementor-widget-heading\" data-id=\"a3d17ca\" data-element_type=\"widget\" data-widget_type=\"heading.default\">\n\t\t\t\t<div class=\"elementor-widget-container\">\n\t\t\t<style>\/*! elementor - v3.7.4 - 31-08-2022 *\/\n.elementor-heading-title{padding:0;margin:0;line-height:1}.elementor-widget-heading .elementor-heading-title[class*=elementor-size-]>a{color:inherit;font-size:inherit;line-height:inherit}.elementor-widget-heading .elementor-heading-title.elementor-size-small{font-size:15px}.elementor-widget-heading .elementor-heading-title.elementor-size-medium{font-size:19px}.elementor-widget-heading .elementor-heading-title.elementor-size-large{font-size:29px}.elementor-widget-heading .elementor-heading-title.elementor-size-xl{font-size:39px}.elementor-widget-heading .elementor-heading-title.elementor-size-xxl{font-size:59px}<\/style><h2 class=\"elementor-heading-title elementor-size-default\">Profissionais\u200b<\/h2>\t\t<\/div>\n\t\t\t\t<\/div>\n\t\t\t\t<div class=\"elementor-element elementor-element-d4f89cf elementor-widget elementor-widget-image\" data-id=\"d4f89cf\" data-element_type=\"widget\" data-widget_type=\"image.default\">\n\t\t\t\t<div class=\"elementor-widget-container\">\n\t\t\t<style>\/*! elementor - v3.7.4 - 31-08-2022 *\/\n.elementor-widget-image{text-align:center}.elementor-widget-image a{display:inline-block}.elementor-widget-image a img[src$=\".svg\"]{width:48px}.elementor-widget-image img{vertical-align:middle;display:inline-block}<\/style>\t\t\t\t\t\t\t\t\t\t\t\t<img src=\"https:\/\/homologacao.websyte.com.br\/rplaw\/wp-content\/uploads\/2021\/06\/line-1.png\" title=\"\" alt=\"\" \/>\t\t\t\t\t\t\t\t\t\t\t\t\t\t\t<\/div>\n\t\t\t\t<\/div>\n\t\t\t\t\t<\/div>\n\t\t<\/div>\n\t\t\t\t\t\t\t<\/div>\n\t\t<\/section>\n\t\t\t\t<section class=\"elementor-section elementor-top-section elementor-element elementor-element-036e67c elementor-section-boxed elementor-section-height-default elementor-section-height-default\" data-id=\"036e67c\" data-element_type=\"section\" data-settings=\"{&quot;background_background&quot;:&quot;classic&quot;}\">\n\t\t\t\t\t\t<div class=\"elementor-container elementor-column-gap-default\">\n\t\t\t\t\t<div class=\"elementor-column elementor-col-50 elementor-top-column elementor-element elementor-element-1758cc4\" data-id=\"1758cc4\" data-element_type=\"column\">\n\t\t\t<div class=\"elementor-widget-wrap elementor-element-populated\">\n\t\t\t\t\t\t\t\t<div class=\"elementor-element elementor-element-9adea51 elementor-widget__width-auto elementor-widget elementor-widget-heading\" data-id=\"9adea51\" data-element_type=\"widget\" data-widget_type=\"heading.default\">\n\t\t\t\t<div class=\"elementor-widget-container\">\n\t\t\t<h2 class=\"elementor-heading-title elementor-size-default\">Assine nossa newsletter<\/h2>\t\t<\/div>\n\t\t\t\t<\/div>\n\t\t\t\t\t<\/div>\n\t\t<\/div>\n\t\t\t\t<div class=\"elementor-column elementor-col-50 elementor-top-column elementor-element elementor-element-1a86032\" data-id=\"1a86032\" data-element_type=\"column\">\n\t\t\t<div class=\"elementor-widget-wrap elementor-element-populated\">\n\t\t\t\t\t\t\t\t<div class=\"elementor-element elementor-element-94fd082 elementor-widget elementor-widget-htmega-contactform-addons\" data-id=\"94fd082\" data-element_type=\"widget\" id=\"newsletter\" data-widget_type=\"htmega-contactform-addons.default\">\n\t\t\t\t<div class=\"elementor-widget-container\">\n\t\t\t            <div class=\"htmega-form-wrapper htmega-form-style-1\" >\r\n                <div role=\"form\" class=\"wpcf7\" id=\"wpcf7-f3026-o1\" lang=\"pt-BR\" dir=\"ltr\">\n<div class=\"screen-reader-response\"><p role=\"status\" aria-live=\"polite\" aria-atomic=\"true\"><\/p> <ul><\/ul><\/div>\n<form action=\"\/rplaw\/wp-json\/wp\/v2\/pages\/2331#wpcf7-f3026-o1\" method=\"post\" class=\"wpcf7-form init\" novalidate=\"novalidate\" data-status=\"init\">\n<div style=\"display: none;\">\n<input type=\"hidden\" name=\"_wpcf7\" value=\"3026\" \/>\n<input type=\"hidden\" name=\"_wpcf7_version\" value=\"5.6.3\" \/>\n<input type=\"hidden\" name=\"_wpcf7_locale\" value=\"pt_BR\" \/>\n<input type=\"hidden\" name=\"_wpcf7_unit_tag\" value=\"wpcf7-f3026-o1\" \/>\n<input type=\"hidden\" name=\"_wpcf7_container_post\" value=\"0\" \/>\n<input type=\"hidden\" name=\"_wpcf7_posted_data_hash\" value=\"\" \/>\n<\/div>\n<p><span class=\"wpcf7-form-control-wrap\" data-name=\"your-name\"><input type=\"text\" name=\"your-name\" value=\"\" size=\"40\" class=\"wpcf7-form-control wpcf7-text wpcf7-validates-as-required\" aria-required=\"true\" aria-invalid=\"false\" placeholder=\"Nome\" \/><\/span><span class=\"wpcf7-form-control-wrap\" data-name=\"your-email\"><input type=\"email\" name=\"your-email\" value=\"\" size=\"40\" class=\"wpcf7-form-control wpcf7-text wpcf7-email wpcf7-validates-as-required wpcf7-validates-as-email\" aria-required=\"true\" aria-invalid=\"false\" placeholder=\"E-mail\" \/><\/span><input type=\"submit\" value=\"Enviar\" class=\"wpcf7-form-control has-spinner wpcf7-submit\" \/><\/p>\n<div class=\"wpcf7-response-output\" aria-hidden=\"true\"><\/div><\/form><\/div>            <\/div>\r\n\r\n        \t\t<\/div>\n\t\t\t\t<\/div>\n\t\t\t\t\t<\/div>\n\t\t<\/div>\n\t\t\t\t\t\t\t<\/div>\n\t\t<\/section>\n\t\t\t\t<section class=\"elementor-section elementor-top-section elementor-element elementor-element-7d0441f elementor-section-boxed elementor-section-height-default elementor-section-height-default\" data-id=\"7d0441f\" data-element_type=\"section\">\n\t\t\t\t\t\t<div class=\"elementor-container elementor-column-gap-default\">\n\t\t\t\t\t<div class=\"elementor-column elementor-col-100 elementor-top-column elementor-element elementor-element-d1bac52\" data-id=\"d1bac52\" data-element_type=\"column\">\n\t\t\t<div class=\"elementor-widget-wrap elementor-element-populated\">\n\t\t\t\t\t\t\t\t<section class=\"elementor-section elementor-inner-section elementor-element elementor-element-f5627cb elementor-section-boxed elementor-section-height-default elementor-section-height-default\" data-id=\"f5627cb\" data-element_type=\"section\">\n\t\t\t\t\t\t<div class=\"elementor-container elementor-column-gap-default\">\n\t\t\t\t\t<div class=\"elementor-column elementor-col-50 elementor-inner-column elementor-element elementor-element-6f02b49\" data-id=\"6f02b49\" data-element_type=\"column\">\n\t\t\t<div class=\"elementor-widget-wrap elementor-element-populated\">\n\t\t\t\t\t\t\t\t<div class=\"elementor-element elementor-element-8965dbd elementor-widget elementor-widget-image\" data-id=\"8965dbd\" data-element_type=\"widget\" data-widget_type=\"image.default\">\n\t\t\t\t<div class=\"elementor-widget-container\">\n\t\t\t\t\t\t\t\t\t\t\t\t\t\t\t<img width=\"338\" height=\"338\" src=\"https:\/\/homologacao.websyte.com.br\/rplaw\/wp-content\/uploads\/2021\/07\/gustavo-da-gama-rplaw.png\" class=\"attachment-large size-large\" alt=\"\" loading=\"lazy\" srcset=\"https:\/\/homologacao.websyte.com.br\/rplaw\/wp-content\/uploads\/2021\/07\/gustavo-da-gama-rplaw.png 338w, https:\/\/homologacao.websyte.com.br\/rplaw\/wp-content\/uploads\/2021\/07\/gustavo-da-gama-rplaw-150x150.png 150w\" sizes=\"(max-width: 338px) 100vw, 338px\" \/>\t\t\t\t\t\t\t\t\t\t\t\t\t\t\t<\/div>\n\t\t\t\t<\/div>\n\t\t\t\t\t<\/div>\n\t\t<\/div>\n\t\t\t\t<div class=\"elementor-column elementor-col-50 elementor-inner-column elementor-element elementor-element-0d37612\" data-id=\"0d37612\" data-element_type=\"column\">\n\t\t\t<div class=\"elementor-widget-wrap elementor-element-populated\">\n\t\t\t\t\t\t\t\t<div class=\"elementor-element elementor-element-8e68e41 elementor-widget elementor-widget-heading\" data-id=\"8e68e41\" data-element_type=\"widget\" data-widget_type=\"heading.default\">\n\t\t\t\t<div class=\"elementor-widget-container\">\n\t\t\t<h2 class=\"elementor-heading-title elementor-size-default\">GUSTAVO DA GAMA <\/h2>\t\t<\/div>\n\t\t\t\t<\/div>\n\t\t\t\t<div class=\"elementor-element elementor-element-f06f4bd elementor-widget elementor-widget-text-editor\" data-id=\"f06f4bd\" data-element_type=\"widget\" data-widget_type=\"text-editor.default\">\n\t\t\t\t<div class=\"elementor-widget-container\">\n\t\t\t<style>\/*! elementor - v3.7.4 - 31-08-2022 *\/\n.elementor-widget-text-editor.elementor-drop-cap-view-stacked .elementor-drop-cap{background-color:#818a91;color:#fff}.elementor-widget-text-editor.elementor-drop-cap-view-framed .elementor-drop-cap{color:#818a91;border:3px solid;background-color:transparent}.elementor-widget-text-editor:not(.elementor-drop-cap-view-default) .elementor-drop-cap{margin-top:8px}.elementor-widget-text-editor:not(.elementor-drop-cap-view-default) .elementor-drop-cap-letter{width:1em;height:1em}.elementor-widget-text-editor .elementor-drop-cap{float:left;text-align:center;line-height:1;font-size:50px}.elementor-widget-text-editor .elementor-drop-cap-letter{display:inline-block}<\/style>\t\t\t\t<p>E-mail: g.gama@rplaw.com.br<\/p>\t\t\t\t\t\t<\/div>\n\t\t\t\t<\/div>\n\t\t\t\t<div class=\"elementor-element elementor-element-4e1f300 elementor-widget elementor-widget-heading\" data-id=\"4e1f300\" data-element_type=\"widget\" data-widget_type=\"heading.default\">\n\t\t\t\t<div class=\"elementor-widget-container\">\n\t\t\t<h2 class=\"elementor-heading-title elementor-size-default\">ATUA\u00c7\u00c3O<\/h2>\t\t<\/div>\n\t\t\t\t<\/div>\n\t\t\t\t<div class=\"elementor-element elementor-element-a7904dc elementor-widget elementor-widget-text-editor\" data-id=\"a7904dc\" data-element_type=\"widget\" data-widget_type=\"text-editor.default\">\n\t\t\t\t<div class=\"elementor-widget-container\">\n\t\t\t\t\t\t\t<p>Direito Tribut\u00e1rio<\/p>\t\t\t\t\t\t<\/div>\n\t\t\t\t<\/div>\n\t\t\t\t<div class=\"elementor-element elementor-element-ef3e4b9 elementor-widget elementor-widget-heading\" data-id=\"ef3e4b9\" data-element_type=\"widget\" data-widget_type=\"heading.default\">\n\t\t\t\t<div class=\"elementor-widget-container\">\n\t\t\t<h2 class=\"elementor-heading-title elementor-size-default\">RIO DE JANEIRO<\/h2>\t\t<\/div>\n\t\t\t\t<\/div>\n\t\t\t\t\t<\/div>\n\t\t<\/div>\n\t\t\t\t\t\t\t<\/div>\n\t\t<\/section>\n\t\t\t\t<div class=\"elementor-element elementor-element-b2e45fe elementor-mobile-align-justify elementor-widget elementor-widget-button\" data-id=\"b2e45fe\" data-element_type=\"widget\" data-widget_type=\"button.default\">\n\t\t\t\t<div class=\"elementor-widget-container\">\n\t\t\t\t\t<div class=\"elementor-button-wrapper\">\n\t\t\t<a href=\"https:\/\/homologacao.websyte.com.br\/rplaw\/wp-content\/uploads\/2020\/06\/Renault_Advogados_CV_Gustavo_da_Gama-1.pdf\" class=\"elementor-button-link elementor-button elementor-size-sm\" role=\"button\">\n\t\t\t\t\t\t<span class=\"elementor-button-content-wrapper\">\n\t\t\t\t\t\t\t<span class=\"elementor-button-icon elementor-align-icon-left\">\n\t\t\t\t\t\t\t<\/span>\n\t\t\t\t\t\t<span class=\"elementor-button-text\">FAZER DOWNLOAD DO CURR\u00cdCULO<\/span>\n\t\t<\/span>\n\t\t\t\t\t<\/a>\n\t\t<\/div>\n\t\t\t\t<\/div>\n\t\t\t\t<\/div>\n\t\t\t\t\t<\/div>\n\t\t<\/div>\n\t\t\t\t\t\t\t<\/div>\n\t\t<\/section>\n\t\t\t\t<section class=\"elementor-section elementor-top-section elementor-element elementor-element-bdaa8cf elementor-section-boxed elementor-section-height-default elementor-section-height-default\" data-id=\"bdaa8cf\" data-element_type=\"section\">\n\t\t\t\t\t\t<div class=\"elementor-container elementor-column-gap-default\">\n\t\t\t\t\t<div class=\"elementor-column elementor-col-100 elementor-top-column elementor-element elementor-element-bba8345\" data-id=\"bba8345\" data-element_type=\"column\">\n\t\t\t<div class=\"elementor-widget-wrap elementor-element-populated\">\n\t\t\t\t\t\t\t\t<div class=\"elementor-element elementor-element-3a5e0d4 elementor-widget elementor-widget-heading\" data-id=\"3a5e0d4\" data-element_type=\"widget\" data-widget_type=\"heading.default\">\n\t\t\t\t<div class=\"elementor-widget-container\">\n\t\t\t<h2 class=\"elementor-heading-title elementor-size-default\">FORMA\u00c7\u00c3O ACAD\u00caMICA<\/h2>\t\t<\/div>\n\t\t\t\t<\/div>\n\t\t\t\t<div class=\"elementor-element elementor-element-2ab7431 elementor-widget elementor-widget-text-editor\" data-id=\"2ab7431\" data-element_type=\"widget\" data-widget_type=\"text-editor.default\">\n\t\t\t\t<div class=\"elementor-widget-container\">\n\t\t\t\t\t\t\t<p>\u2022 Doutor em Direito P\u00fablico pela Universidade do Estado do de Janeiro \u2013 UERJ<br \/>\u2022 Mestre em Direito P\u00fablico pela Universidade do Estado do de Janeiro \u2013 UERJ<\/p>\t\t\t\t\t\t<\/div>\n\t\t\t\t<\/div>\n\t\t\t\t<div class=\"elementor-element elementor-element-5914996 elementor-widget elementor-widget-heading\" data-id=\"5914996\" data-element_type=\"widget\" data-widget_type=\"heading.default\">\n\t\t\t\t<div class=\"elementor-widget-container\">\n\t\t\t<h2 class=\"elementor-heading-title elementor-size-default\">ATIVIDADE DOCENTE<\/h2>\t\t<\/div>\n\t\t\t\t<\/div>\n\t\t\t\t<div class=\"elementor-element elementor-element-47dafe2 elementor-widget elementor-widget-text-editor\" data-id=\"47dafe2\" data-element_type=\"widget\" data-widget_type=\"text-editor.default\">\n\t\t\t\t<div class=\"elementor-widget-container\">\n\t\t\t\t\t\t\t<p>\u2022 Professor Adjunto de Direito Financeiro da UERJ (Gradua\u00e7\u00e3o, Mestrado e Doutorado);<br \/>\u2022 Professor do LLM em Direito Tribut\u00e1rio e Contabilidade Tribut\u00e1ria do IBMEC;<br \/>\u2022 Professor do LLM em Direito Tribut\u00e1rio da Funda\u00e7\u00e3o Get\u00falio Vargas \u2013 FGV;<br \/>\u2022 Professor da Especializa\u00e7\u00e3o em Direito e Processo Tribut\u00e1rio da Academia Brasileira de Direito Constitucional;<\/p>\t\t\t\t\t\t<\/div>\n\t\t\t\t<\/div>\n\t\t\t\t<div class=\"elementor-element elementor-element-3966a1e elementor-widget elementor-widget-heading\" data-id=\"3966a1e\" data-element_type=\"widget\" data-widget_type=\"heading.default\">\n\t\t\t\t<div class=\"elementor-widget-container\">\n\t\t\t<h2 class=\"elementor-heading-title elementor-size-default\">PRINCIPAIS PUBLICA\u00c7\u00d5ES<\/h2>\t\t<\/div>\n\t\t\t\t<\/div>\n\t\t\t\t<div class=\"elementor-element elementor-element-2f44d73 elementor-widget elementor-widget-text-editor\" data-id=\"2f44d73\" data-element_type=\"widget\" data-widget_type=\"text-editor.default\">\n\t\t\t\t<div class=\"elementor-widget-container\">\n\t\t\t\t\t\t\t<p><strong>Livro:<\/strong> Direito tribut\u00e1rio e Di\u00e1logo Constitucional \u2013 Editora Impetus, 2013<\/p><p><strong>Livro:<\/strong> Temas de Federalismo Fiscal Brasileiro \u2013 Editora Gramma, 2016<\/p><p><strong>Livro:<\/strong> Temas De Direito Constitucional Tribut\u00e1rio Brasileiro \u2013 Editora Gramma, 2017<\/p><p><strong>Livro:<\/strong> Estudos De Federalismo e Guerra Fiscal \u2013 Editora Gramma, 2017, organizador, com Carlos Alexandre de Azevedo Campos e F\u00e1bio Zambitte Ibrahim.<\/p><p><strong>Livro:<\/strong> Ressarcimento ao SUS e Sa\u00fade Suplementar \u2013 Editora Lumen Juris, 2018, em coautoria com Felipe Renault.<\/p><p><strong>Livro:<\/strong> Tributa\u00e7\u00e3o da Economia Digital \u2013 Editora Lumen Juris, 2019, organizador, com Marcus Livio Gomes e S\u00e9rgio Andr\u00e9 Rocha.<\/p><p><strong>Artigo:<\/strong> Direitos fundamentais e Estado Fiscal \u2013 Estudos em Homenagem ao Professor Ricardo Lobo Torres (Juspodivm, 2019), organizador, com Carlos Alexandre de Azevedo Campos e Marco Ant\u00f4nio Ferreira Macedo.<\/p><p><strong>Artigo:<\/strong> Inconstitucionalidade da cobran\u00e7a do ITCMD (Imposto sobre a transmiss\u00e3o causa mortis e doa\u00e7\u00e3o de quaisquer bens ou direitos) em valores recebidos por benefici\u00e1s de contratos de previd\u00eancia complementar. Revista Brasileira de Direito Previdenci\u00e1, v. 7, p. 5-19, 2018.<\/p><p><strong>Artigo:<\/strong> Tax challenges of the digital economy. Revista de Direito Internacional, econ\u00f4mico e tribut\u00e1rio, v.13, p. 209-237, 2018, em coautoria com Felipe Renault.<\/p><p><strong>Artigo:<\/strong> An\u00e1lise cr\u00edtica do julgamento da Repercuss\u00e3o Geral no RE 582.525-6 \u2013 a proibi\u00e7\u00e3o de dedu\u00e7\u00e3o do valor da CSLL do lucro real no IRPJ (art. 1o da Lei 9.316\/1996) e o conceito constitucional de renda. Revista Tribut\u00e1ria e de Finan\u00e7as P\u00fablicas, v. 115, p. 189-202, 2014.<\/p><p><strong>Artigo:<\/strong> A Lei 9.784\/99 e o processo administrativo tribut\u00e1rio. In: Rafael Carvalho Rezende de Oliveira; Tha\u00eds Mar\u00e7al. (Org.). Temas relevantes de processo administrativo: 20 anos da Lei 9.784\/1999. Salvador: Juspodivm, 2019, p. 167-182.<\/p><p><strong>Artigo:<\/strong> A economia digital, os criptoativos e o desafio da tributa\u00e7\u00e3o. In: Marcus Livio Gomes; Francisco Marconi de Oliveira. (Org.). Estudos tribut\u00e1rios e aduaneiros do IV semin\u00e1 do CARF. 1ed.Bras\u00edlia: CARF, 2019, v. 1, p. 489-518, em coautoria com Felipe Renault e Tadeu Puretz.<\/p><p><strong>Artigo:<\/strong> A guerra fiscal e seus reflexos na apura\u00e7\u00e3o do IRPJ e CSLL: as subven\u00e7\u00f5es e a Lei 12.973\/14.. In: ROCHA, S\u00e9rgio Andr\u00e9. (Org.). Direito Tribut\u00e1rio, Societ\u00e1rio e a Reforma da Lei das S\/A \u2013 Volume 5. Controv\u00e9rsias ap\u00f3s a Lei no. 12.973. 1 ed. S\u00e3o Paulo: Quartier Latin, 2018, v. 1, p. 255-269, em coautoria com Felipe Renault.<\/p><p><strong>Artigo:<\/strong> Estabelecimento permanente e as novas tecnologias: um conceito em muta\u00e7\u00e3o ?. In: GOMES, Edgar Santos; MOREIRA, Francisco Lisboa; GOMES, Marcus Livio. (Org.). Temas de Tributa\u00e7\u00e3o Internacional \u2013 Base Erosion and Profit Shifting: Conceitos e Estudo de Casos. 1ed. de Janeiro: Gramma, 2018, v. , p. 163-186, em coautoria com Felipe Renault.<\/p><p><strong>Artigo:<\/strong> \u201cReforma Tribut\u00e1ria, IBS e a Cl\u00e1usula P\u00e9trea da Forma Federativa de Estado\u201d<br \/>Publicado no livro \u201cReformas ou Deformas Financeiras e Tribut\u00e1rias\u201d em junho\/2020. Em coautoria com Tadeu Puretz e Rodrigo Nascimento Rodrigues.<\/p>\t\t\t\t\t\t<\/div>\n\t\t\t\t<\/div>\n\t\t\t\t<div class=\"elementor-element elementor-element-d44954f elementor-widget elementor-widget-heading\" data-id=\"d44954f\" data-element_type=\"widget\" data-widget_type=\"heading.default\">\n\t\t\t\t<div class=\"elementor-widget-container\">\n\t\t\t<h2 class=\"elementor-heading-title elementor-size-default\">ATUA\u00c7\u00c3O NO SETOR P\u00daBLICO<\/h2>\t\t<\/div>\n\t\t\t\t<\/div>\n\t\t\t\t<div class=\"elementor-element elementor-element-97bec21 elementor-widget elementor-widget-text-editor\" data-id=\"97bec21\" data-element_type=\"widget\" data-widget_type=\"text-editor.default\">\n\t\t\t\t<div class=\"elementor-widget-container\">\n\t\t\t\t\t\t\t<p><strong>Munic\u00edpio do Rio de Janeiro<\/strong><br \/>Fun\u00e7\u00e3o\/Cargo: Procurador (2002 \u2013 atual)<\/p><p><strong>Universidade do Estado do Rio de Janeiro<\/strong><br \/>Fun\u00e7\u00e3o\/Cargo: Chefe do Departamento de Direito do Estado (2014-2016)<\/p>\t\t\t\t\t\t<\/div>\n\t\t\t\t<\/div>\n\t\t\t\t\t<\/div>\n\t\t<\/div>\n\t\t\t\t\t\t\t<\/div>\n\t\t<\/section>\n\t\t\t\t\t\t\t<\/div>\n\t\t","protected":false},"excerpt":{"rendered":"<p>Profissionais\u200b Assine nossa newsletter GUSTAVO DA GAMA E-mail: g.gama@rplaw.com.br ATUA\u00c7\u00c3O Direito Tribut\u00e1rio RIO DE JANEIRO FAZER DOWNLOAD DO CURR\u00cdCULO FORMA\u00c7\u00c3O ACAD\u00caMICA \u2022 Doutor em Direito P\u00fablico pela Universidade do Estado do de Janeiro \u2013 UERJ\u2022 Mestre em Direito P\u00fablico pela Universidade do Estado do de Janeiro \u2013 UERJ ATIVIDADE DOCENTE \u2022 Professor Adjunto de Direito [&hellip;]<\/p>\n","protected":false},"author":2,"featured_media":0,"parent":212,"menu_order":0,"comment_status":"closed","ping_status":"closed","template":"elementor_header_footer","meta":{"_joinchat":[]},"_links":{"self":[{"href":"https:\/\/homologacao.websyte.com.br\/rplaw\/wp-json\/wp\/v2\/pages\/2331"}],"collection":[{"href":"https:\/\/homologacao.websyte.com.br\/rplaw\/wp-json\/wp\/v2\/pages"}],"about":[{"href":"https:\/\/homologacao.websyte.com.br\/rplaw\/wp-json\/wp\/v2\/types\/page"}],"author":[{"embeddable":true,"href":"https:\/\/homologacao.websyte.com.br\/rplaw\/wp-json\/wp\/v2\/users\/2"}],"replies":[{"embeddable":true,"href":"https:\/\/homologacao.websyte.com.br\/rplaw\/wp-json\/wp\/v2\/comments?post=2331"}],"version-history":[{"count":6,"href":"https:\/\/homologacao.websyte.com.br\/rplaw\/wp-json\/wp\/v2\/pages\/2331\/revisions"}],"predecessor-version":[{"id":3299,"href":"https:\/\/homologacao.websyte.com.br\/rplaw\/wp-json\/wp\/v2\/pages\/2331\/revisions\/3299"}],"up":[{"embeddable":true,"href":"https:\/\/homologacao.websyte.com.br\/rplaw\/wp-json\/wp\/v2\/pages\/212"}],"wp:attachment":[{"href":"https:\/\/homologacao.websyte.com.br\/rplaw\/wp-json\/wp\/v2\/media?parent=2331"}],"curies":[{"name":"wp","href":"https:\/\/api.w.org\/{rel}","templated":true}]}}