{"id":3005,"date":"2021-05-20T11:52:48","date_gmt":"2021-05-20T11:52:48","guid":{"rendered":"https:\/\/homologacao.websyte.com.br\/rplaw\/?page_id=9"},"modified":"2021-09-03T23:33:16","modified_gmt":"2021-09-04T02:33:16","slug":"codigo-de-conduta","status":"publish","type":"page","link":"https:\/\/homologacao.websyte.com.br\/rplaw\/codigo-de-conduta\/","title":{"rendered":"C\u00f3digo de Conduta"},"content":{"rendered":"\t\t<div data-elementor-type=\"wp-page\" data-elementor-id=\"3005\" class=\"elementor elementor-3005\">\n\t\t\t\t\t\t\t\t\t<section class=\"elementor-section elementor-top-section elementor-element elementor-element-21992ca elementor-section-height-min-height elementor-section-items-bottom elementor-section-boxed elementor-section-height-default\" data-id=\"21992ca\" data-element_type=\"section\" data-settings=\"{&quot;background_background&quot;:&quot;classic&quot;}\">\n\t\t\t\t\t\t\t<div class=\"elementor-background-overlay\"><\/div>\n\t\t\t\t\t\t\t<div class=\"elementor-container elementor-column-gap-default\">\n\t\t\t\t\t<div class=\"elementor-column elementor-col-100 elementor-top-column elementor-element elementor-element-5b311e0\" data-id=\"5b311e0\" data-element_type=\"column\">\n\t\t\t<div class=\"elementor-widget-wrap elementor-element-populated\">\n\t\t\t\t\t\t\t\t<div class=\"elementor-element elementor-element-f600b51 elementor-widget elementor-widget-heading\" data-id=\"f600b51\" data-element_type=\"widget\" data-widget_type=\"heading.default\">\n\t\t\t\t<div class=\"elementor-widget-container\">\n\t\t\t<style>\/*! elementor - v3.7.4 - 31-08-2022 *\/\n.elementor-heading-title{padding:0;margin:0;line-height:1}.elementor-widget-heading .elementor-heading-title[class*=elementor-size-]>a{color:inherit;font-size:inherit;line-height:inherit}.elementor-widget-heading .elementor-heading-title.elementor-size-small{font-size:15px}.elementor-widget-heading .elementor-heading-title.elementor-size-medium{font-size:19px}.elementor-widget-heading .elementor-heading-title.elementor-size-large{font-size:29px}.elementor-widget-heading .elementor-heading-title.elementor-size-xl{font-size:39px}.elementor-widget-heading .elementor-heading-title.elementor-size-xxl{font-size:59px}<\/style><h2 class=\"elementor-heading-title elementor-size-default\">C\u00f3digo de Conduta<\/h2>\t\t<\/div>\n\t\t\t\t<\/div>\n\t\t\t\t<div class=\"elementor-element elementor-element-1b191b6 elementor-widget elementor-widget-image\" data-id=\"1b191b6\" data-element_type=\"widget\" data-widget_type=\"image.default\">\n\t\t\t\t<div class=\"elementor-widget-container\">\n\t\t\t<style>\/*! elementor - v3.7.4 - 31-08-2022 *\/\n.elementor-widget-image{text-align:center}.elementor-widget-image a{display:inline-block}.elementor-widget-image a img[src$=\".svg\"]{width:48px}.elementor-widget-image img{vertical-align:middle;display:inline-block}<\/style>\t\t\t\t\t\t\t\t\t\t\t\t<img src=\"https:\/\/homologacao.websyte.com.br\/rplaw\/wp-content\/uploads\/2021\/06\/line-1.png\" title=\"\" alt=\"\" \/>\t\t\t\t\t\t\t\t\t\t\t\t\t\t\t<\/div>\n\t\t\t\t<\/div>\n\t\t\t\t\t<\/div>\n\t\t<\/div>\n\t\t\t\t\t\t\t<\/div>\n\t\t<\/section>\n\t\t\t\t<section class=\"elementor-section elementor-top-section elementor-element elementor-element-7a5008f elementor-section-boxed elementor-section-height-default elementor-section-height-default\" data-id=\"7a5008f\" data-element_type=\"section\">\n\t\t\t\t\t\t<div class=\"elementor-container elementor-column-gap-default\">\n\t\t\t\t\t<div class=\"elementor-column elementor-col-100 elementor-top-column elementor-element elementor-element-771dcf1\" data-id=\"771dcf1\" data-element_type=\"column\">\n\t\t\t<div class=\"elementor-widget-wrap elementor-element-populated\">\n\t\t\t\t\t\t\t\t<div class=\"elementor-element elementor-element-4493aa9 elementor-widget elementor-widget-text-editor\" data-id=\"4493aa9\" data-element_type=\"widget\" data-widget_type=\"text-editor.default\">\n\t\t\t\t<div class=\"elementor-widget-container\">\n\t\t\t<style>\/*! elementor - v3.7.4 - 31-08-2022 *\/\n.elementor-widget-text-editor.elementor-drop-cap-view-stacked .elementor-drop-cap{background-color:#818a91;color:#fff}.elementor-widget-text-editor.elementor-drop-cap-view-framed .elementor-drop-cap{color:#818a91;border:3px solid;background-color:transparent}.elementor-widget-text-editor:not(.elementor-drop-cap-view-default) .elementor-drop-cap{margin-top:8px}.elementor-widget-text-editor:not(.elementor-drop-cap-view-default) .elementor-drop-cap-letter{width:1em;height:1em}.elementor-widget-text-editor .elementor-drop-cap{float:left;text-align:center;line-height:1;font-size:50px}.elementor-widget-text-editor .elementor-drop-cap-letter{display:inline-block}<\/style>\t\t\t\t<p>A atua\u00e7\u00e3o \u00e9tica e transparente \u00e9 um dos valores do Renault Advogados. Para manuten\u00e7\u00e3o e controle das melhores pr\u00e1ticas de mercado, nosso escrit\u00f3rio instituiu um comit\u00ea permanente de Compliance, que fiscaliza a atua\u00e7\u00e3o dos nossos colaboradores, coibindo pr\u00e1ticas que atentem contra a lei e a \u00e9tica. Nosso comit\u00ea de Compliance possui um canal de comunica\u00e7\u00e3o (ouvidoria) aberta a clientes e colaboradores, que est\u00e1 apto a receber den\u00fancias de viola\u00e7\u00e3o ao nosso c\u00f3digo de \u00e9tica e conduta.<\/p>\t\t\t\t\t\t<\/div>\n\t\t\t\t<\/div>\n\t\t\t\t<div class=\"elementor-element elementor-element-de5ec6b elementor-widget elementor-widget-spacer\" data-id=\"de5ec6b\" data-element_type=\"widget\" data-widget_type=\"spacer.default\">\n\t\t\t\t<div class=\"elementor-widget-container\">\n\t\t\t<style>\/*! elementor - v3.7.4 - 31-08-2022 *\/\n.elementor-column .elementor-spacer-inner{height:var(--spacer-size)}.e-container{--container-widget-width:100%}.e-container>.elementor-widget-spacer{width:var(--container-widget-width,var(--spacer-size));-ms-flex-item-align:stretch;align-self:stretch;-ms-flex-negative:0;flex-shrink:0}.e-container>.elementor-widget-spacer>.elementor-widget-container,.e-container>.elementor-widget-spacer>.elementor-widget-container>.elementor-spacer{height:100%}.e-container>.elementor-widget-spacer>.elementor-widget-container>.elementor-spacer>.elementor-spacer-inner{height:var(--container-widget-height,var(--spacer-size))}<\/style>\t\t<div class=\"elementor-spacer\">\n\t\t\t<div class=\"elementor-spacer-inner\"><\/div>\n\t\t<\/div>\n\t\t\t\t<\/div>\n\t\t\t\t<\/div>\n\t\t\t\t<section class=\"elementor-section elementor-inner-section elementor-element elementor-element-42fde26 elementor-section-boxed elementor-section-height-default elementor-section-height-default\" data-id=\"42fde26\" data-element_type=\"section\">\n\t\t\t\t\t\t<div class=\"elementor-container elementor-column-gap-default\">\n\t\t\t\t\t<div class=\"elementor-column elementor-col-50 elementor-inner-column elementor-element elementor-element-ea1676e\" data-id=\"ea1676e\" data-element_type=\"column\">\n\t\t\t<div class=\"elementor-widget-wrap elementor-element-populated\">\n\t\t\t\t\t\t\t\t<div class=\"elementor-element elementor-element-861f985 elementor-widget elementor-widget-image\" data-id=\"861f985\" data-element_type=\"widget\" data-widget_type=\"image.default\">\n\t\t\t\t<div class=\"elementor-widget-container\">\n\t\t\t\t\t\t\t\t\t\t\t\t\t\t\t<img width=\"279\" height=\"351\" src=\"https:\/\/homologacao.websyte.com.br\/rplaw\/wp-content\/uploads\/2021\/06\/Grupo-26.png\" class=\"attachment-large size-large\" alt=\"\" loading=\"lazy\" \/>\t\t\t\t\t\t\t\t\t\t\t\t\t\t\t<\/div>\n\t\t\t\t<\/div>\n\t\t\t\t<div class=\"elementor-element elementor-element-6c2dca0 elementor-widget elementor-widget-spacer\" data-id=\"6c2dca0\" data-element_type=\"widget\" data-widget_type=\"spacer.default\">\n\t\t\t\t<div class=\"elementor-widget-container\">\n\t\t\t\t\t<div class=\"elementor-spacer\">\n\t\t\t<div class=\"elementor-spacer-inner\"><\/div>\n\t\t<\/div>\n\t\t\t\t<\/div>\n\t\t\t\t<\/div>\n\t\t\t\t\t<\/div>\n\t\t<\/div>\n\t\t\t\t<div class=\"elementor-column elementor-col-50 elementor-inner-column elementor-element elementor-element-110903f\" data-id=\"110903f\" data-element_type=\"column\">\n\t\t\t<div class=\"elementor-widget-wrap elementor-element-populated\">\n\t\t\t\t\t\t\t\t<div class=\"elementor-element elementor-element-ec84792 elementor-widget elementor-widget-text-editor\" data-id=\"ec84792\" data-element_type=\"widget\" data-widget_type=\"text-editor.default\">\n\t\t\t\t<div class=\"elementor-widget-container\">\n\t\t\t\t\t\t\t<p>Nossos colaboradores tamb\u00e9m recebem treinamentos institucionais peri\u00f3dicos que refor\u00e7am o compromisso do Renault Advogados no combate \u00e0 corrup\u00e7\u00e3o e lavagem de dinheiro, \u00e0 promo\u00e7\u00e3o do respeito \u00e0 \u00e9tica profissional e a nossa pol\u00edtica interna de diversidade e inclus\u00e3o.<\/p><p>Canal de Den\u00fancias: <a href=\"mailto:ouvidoria@rplaw.com.br\">ouvidoria@rplaw.com.br<\/a><\/p><p>Confira nosso Manual de \u00c9tica, Normas e Condutas:<\/p>\t\t\t\t\t\t<\/div>\n\t\t\t\t<\/div>\n\t\t\t\t<div class=\"elementor-element elementor-element-33587c6 elementor-align-justify elementor-widget__width-initial elementor-widget elementor-widget-button\" data-id=\"33587c6\" data-element_type=\"widget\" data-widget_type=\"button.default\">\n\t\t\t\t<div class=\"elementor-widget-container\">\n\t\t\t\t\t<div class=\"elementor-button-wrapper\">\n\t\t\t<a href=\"https:\/\/homologacao.websyte.com.br\/rplaw\/wp-content\/uploads\/2021\/08\/Renault_Advogados_Manual_de_Etica_Normas_e_Condutas.pdf\" class=\"elementor-button-link elementor-button elementor-size-sm\" role=\"button\">\n\t\t\t\t\t\t<span class=\"elementor-button-content-wrapper\">\n\t\t\t\t\t\t<span class=\"elementor-button-text\">Fazer Download<\/span>\n\t\t<\/span>\n\t\t\t\t\t<\/a>\n\t\t<\/div>\n\t\t\t\t<\/div>\n\t\t\t\t<\/div>\n\t\t\t\t\t<\/div>\n\t\t<\/div>\n\t\t\t\t\t\t\t<\/div>\n\t\t<\/section>\n\t\t\t\t\t<\/div>\n\t\t<\/div>\n\t\t\t\t\t\t\t<\/div>\n\t\t<\/section>\n\t\t\t\t<section class=\"elementor-section elementor-top-section elementor-element elementor-element-84c9f94 elementor-section-boxed elementor-section-height-default elementor-section-height-default\" data-id=\"84c9f94\" data-element_type=\"section\" data-settings=\"{&quot;background_background&quot;:&quot;gradient&quot;}\">\n\t\t\t\t\t\t\t<div class=\"elementor-background-overlay\"><\/div>\n\t\t\t\t\t\t\t<div class=\"elementor-container elementor-column-gap-default\">\n\t\t\t\t\t<div class=\"elementor-column elementor-col-100 elementor-top-column elementor-element elementor-element-ca064cd\" data-id=\"ca064cd\" data-element_type=\"column\" data-settings=\"{&quot;background_background&quot;:&quot;classic&quot;}\">\n\t\t\t<div class=\"elementor-widget-wrap elementor-element-populated\">\n\t\t\t\t\t\t\t\t<div class=\"elementor-element elementor-element-3477c1b elementor-widget elementor-widget-htmega-contactform-addons\" data-id=\"3477c1b\" data-element_type=\"widget\" data-widget_type=\"htmega-contactform-addons.default\">\n\t\t\t\t<div class=\"elementor-widget-container\">\n\t\t\t            <div class=\"htmega-form-wrapper htmega-form-style-4\" >\r\n                <div role=\"form\" class=\"wpcf7\" id=\"wpcf7-f3028-o1\" lang=\"pt-BR\" dir=\"ltr\">\n<div class=\"screen-reader-response\"><p role=\"status\" aria-live=\"polite\" aria-atomic=\"true\"><\/p> <ul><\/ul><\/div>\n<form action=\"\/rplaw\/wp-json\/wp\/v2\/pages\/3005#wpcf7-f3028-o1\" method=\"post\" class=\"wpcf7-form init\" novalidate=\"novalidate\" data-status=\"init\">\n<div style=\"display: none;\">\n<input type=\"hidden\" name=\"_wpcf7\" value=\"3028\" \/>\n<input type=\"hidden\" name=\"_wpcf7_version\" value=\"5.6.3\" \/>\n<input type=\"hidden\" name=\"_wpcf7_locale\" value=\"pt_BR\" \/>\n<input type=\"hidden\" name=\"_wpcf7_unit_tag\" value=\"wpcf7-f3028-o1\" \/>\n<input type=\"hidden\" name=\"_wpcf7_container_post\" value=\"0\" \/>\n<input type=\"hidden\" name=\"_wpcf7_posted_data_hash\" value=\"\" \/>\n<\/div>\n<div class=\"conduta-form\">\n<div class=\"conduta-left\">\n<label> Voc\u00ea pode nos enviar uma den\u00fancia <\/label><br \/>\n<span class=\"wpcf7-form-control-wrap\" data-name=\"your-subject\"><select name=\"your-subject\" class=\"wpcf7-form-control wpcf7-select\" aria-invalid=\"false\"><option value=\"Assunto\">Assunto<\/option><option value=\"Prote\u00e7\u00e3o de dados\">Prote\u00e7\u00e3o de dados<\/option><option value=\"Comit\u00ea de \u00c9tica\">Comit\u00ea de \u00c9tica<\/option><option value=\"Compliance Interno\">Compliance Interno<\/option><option value=\"Outros\">Outros<\/option><\/select><\/span>\n<\/div>\n<div class=\"conduta-right\">\n<span class=\"wpcf7-form-control-wrap\" data-name=\"message\"><textarea name=\"message\" cols=\"40\" rows=\"10\" class=\"wpcf7-form-control wpcf7-textarea\" aria-invalid=\"false\" placeholder=\"Mensagem\"><\/textarea><\/span>\n<\/div>\n<\/div>\n<p><input type=\"submit\" value=\"Enviar\" class=\"wpcf7-form-control has-spinner wpcf7-submit\" \/><\/p>\n<div class=\"wpcf7-response-output\" aria-hidden=\"true\"><\/div><\/form><\/div>            <\/div>\r\n\r\n        \t\t<\/div>\n\t\t\t\t<\/div>\n\t\t\t\t\t<\/div>\n\t\t<\/div>\n\t\t\t\t\t\t\t<\/div>\n\t\t<\/section>\n\t\t\t\t\t\t\t<\/div>\n\t\t","protected":false},"excerpt":{"rendered":"<p>C\u00f3digo de Conduta A atua\u00e7\u00e3o \u00e9tica e transparente \u00e9 um dos valores do Renault Advogados. Para manuten\u00e7\u00e3o e controle das melhores pr\u00e1ticas de mercado, nosso escrit\u00f3rio instituiu um comit\u00ea permanente de Compliance, que fiscaliza a atua\u00e7\u00e3o dos nossos colaboradores, coibindo pr\u00e1ticas que atentem contra a lei e a \u00e9tica. Nosso comit\u00ea de Compliance possui um [&hellip;]<\/p>\n","protected":false},"author":2,"featured_media":0,"parent":0,"menu_order":0,"comment_status":"closed","ping_status":"closed","template":"","meta":{"_joinchat":[]},"_links":{"self":[{"href":"https:\/\/homologacao.websyte.com.br\/rplaw\/wp-json\/wp\/v2\/pages\/3005"}],"collection":[{"href":"https:\/\/homologacao.websyte.com.br\/rplaw\/wp-json\/wp\/v2\/pages"}],"about":[{"href":"https:\/\/homologacao.websyte.com.br\/rplaw\/wp-json\/wp\/v2\/types\/page"}],"author":[{"embeddable":true,"href":"https:\/\/homologacao.websyte.com.br\/rplaw\/wp-json\/wp\/v2\/users\/2"}],"replies":[{"embeddable":true,"href":"https:\/\/homologacao.websyte.com.br\/rplaw\/wp-json\/wp\/v2\/comments?post=3005"}],"version-history":[{"count":3,"href":"https:\/\/homologacao.websyte.com.br\/rplaw\/wp-json\/wp\/v2\/pages\/3005\/revisions"}],"predecessor-version":[{"id":3088,"href":"https:\/\/homologacao.websyte.com.br\/rplaw\/wp-json\/wp\/v2\/pages\/3005\/revisions\/3088"}],"wp:attachment":[{"href":"https:\/\/homologacao.websyte.com.br\/rplaw\/wp-json\/wp\/v2\/media?parent=3005"}],"curies":[{"name":"wp","href":"https:\/\/api.w.org\/{rel}","templated":true}]}}