{"id":5113,"date":"2022-08-30T21:31:22","date_gmt":"2022-08-30T21:31:22","guid":{"rendered":"https:\/\/homologacao.websyte.com.br\/teatrovillalobos\/?page_id=5113"},"modified":"2022-11-04T17:35:51","modified_gmt":"2022-11-04T20:35:51","slug":"pagina-inicial","status":"publish","type":"page","link":"https:\/\/homologacao.websyte.com.br\/teatrovillalobos\/","title":{"rendered":"P\u00e1gina inicial"},"content":{"rendered":"\t\t<div data-elementor-type=\"wp-post\" data-elementor-id=\"5113\" class=\"elementor elementor-5113\">\n\t\t\t\t\t\t\t\t\t<section class=\"elementor-section elementor-top-section elementor-element elementor-element-5adfa22 elementor-section-full_width elementor-section-height-default elementor-section-height-default\" data-id=\"5adfa22\" data-element_type=\"section\">\n\t\t\t\t\t\t<div class=\"elementor-container elementor-column-gap-no\">\n\t\t\t\t\t<div class=\"elementor-column elementor-col-100 elementor-top-column elementor-element elementor-element-0c0eb46\" data-id=\"0c0eb46\" data-element_type=\"column\">\n\t\t\t<div class=\"elementor-widget-wrap elementor-element-populated\">\n\t\t\t\t\t\t\t\t<div class=\"elementor-element elementor-element-c2c4872 elementor-widget elementor-widget-ova_slideshow\" data-id=\"c2c4872\" data-element_type=\"widget\" data-widget_type=\"ova_slideshow.default\">\n\t\t\t\t<div class=\"elementor-widget-container\">\n\t\t\t\t\t<div class=\"ova_slideshow elementor-slides-wrapper line_style \" dir=\"ltr\">\n\t\t\t<div class=\"elementor-slides owl-carousel owl-theme owl-loaded arrows-inside arrows-show-always animated owl-animated-out owl-animated-in\" data-owl_carousel=\"{&quot;items&quot;:1,&quot;singleItem&quot;:1,&quot;autoplayTimeout&quot;:9000,&quot;autoplay&quot;:false,&quot;loop&quot;:true,&quot;nav&quot;:true,&quot;dots&quot;:false,&quot;rtl&quot;:false,&quot;dotsClass&quot;:&quot;owl-dots hide_in_mobile&quot;,&quot;mouseDrag&quot;:false,&quot;navText&quot;:[&quot;&lt;i class=\\&quot;ti-angle-left\\&quot;&gt;&lt;\\\/i&gt;&quot;,&quot;&lt;i class=\\&quot;ti-angle-right\\&quot;&gt;&lt;\\\/i&gt;&quot;]}\">\n\t\t\t\t<div class=\" elementor-repeater-item-0529d33 items\" data-dot=\" <div>Slide 1<\/div> <button><span><\/span><\/button>\"><div class=\" slide-bg elementor-ken-out\" ><\/div>\n\t\t\t<div class=\"slide-inner\"><div class=\"elementor-background-overlay\"><\/div><div class=\"container\"><div class=\"row\"><div class=\"elementor-slide-content\"><div data-animation=\"fadeInUp\" data-animation_dur=\"500\" class=\"second_font elementor-slide-subtitle\" style=\"animation-duration: 500ms\">O Pequeno Pr\u00edncipe<\/div><div data-animation=\"fadeInUp\" data-animation_dur=\"1000\"  class=\"second_font elementor-slide-title \" style=\"animation-duration: 1000ms\">Emocionante hist\u00f3ria de Antoine de Saint-Exup\u00e9ry<\/div><div class=\"elementor-slide-description\"><\/div><a href=\"https:\/\/homologacao.websyte.com.br\/teatrovillalobos\/o-pequeno-principe\/\" data-animation=\"slideInUp\" data-animation_dur=\"2000\" style=\"animation-duration: 2000ms\" class=\"elementor-slide-button \">Saiba mais<\/a><\/div><\/div><\/div><\/div><\/div>\t\t\t<\/div>\n\t\t<\/div>\n\t\t\t\t<\/div>\n\t\t\t\t<\/div>\n\t\t\t\t\t<\/div>\n\t\t<\/div>\n\t\t\t\t\t\t\t<\/div>\n\t\t<\/section>\n\t\t\t\t<section class=\"elementor-section elementor-top-section elementor-element elementor-element-6d1281c elementor-section-boxed elementor-section-height-default elementor-section-height-default\" data-id=\"6d1281c\" data-element_type=\"section\">\n\t\t\t\t\t\t<div class=\"elementor-container elementor-column-gap-default\">\n\t\t\t\t\t<div class=\"elementor-column elementor-col-100 elementor-top-column elementor-element elementor-element-f6a773e\" data-id=\"f6a773e\" data-element_type=\"column\">\n\t\t\t<div class=\"elementor-widget-wrap elementor-element-populated\">\n\t\t\t\t\t\t\t\t<div class=\"elementor-element elementor-element-1483074 elementor-widget elementor-widget-heading\" data-id=\"1483074\" data-element_type=\"widget\" data-widget_type=\"heading.default\">\n\t\t\t\t<div class=\"elementor-widget-container\">\n\t\t\t<style>\/*! elementor - v3.7.3 - 29-08-2022 *\/\n.elementor-heading-title{padding:0;margin:0;line-height:1}.elementor-widget-heading .elementor-heading-title[class*=elementor-size-]>a{color:inherit;font-size:inherit;line-height:inherit}.elementor-widget-heading .elementor-heading-title.elementor-size-small{font-size:15px}.elementor-widget-heading .elementor-heading-title.elementor-size-medium{font-size:19px}.elementor-widget-heading .elementor-heading-title.elementor-size-large{font-size:29px}.elementor-widget-heading .elementor-heading-title.elementor-size-xl{font-size:39px}.elementor-widget-heading .elementor-heading-title.elementor-size-xxl{font-size:59px}<\/style><h2 class=\"elementor-heading-title elementor-size-default\">Programa\u00e7\u00e3o<\/h2>\t\t<\/div>\n\t\t\t\t<\/div>\n\t\t\t\t\t<\/div>\n\t\t<\/div>\n\t\t\t\t\t\t\t<\/div>\n\t\t<\/section>\n\t\t\t\t<section class=\"elementor-section elementor-top-section elementor-element elementor-element-6b7c060 elementor-section-boxed elementor-section-height-default elementor-section-height-default\" data-id=\"6b7c060\" data-element_type=\"section\">\n\t\t\t\t\t\t<div class=\"elementor-container elementor-column-gap-no\">\n\t\t\t\t\t<div class=\"elementor-column elementor-col-50 elementor-top-column elementor-element elementor-element-1625897\" data-id=\"1625897\" data-element_type=\"column\">\n\t\t\t<div class=\"elementor-widget-wrap elementor-element-populated\">\n\t\t\t\t\t\t\t\t<div class=\"elementor-element elementor-element-2db7d48 elementor-widget elementor-widget-image\" data-id=\"2db7d48\" data-element_type=\"widget\" data-widget_type=\"image.default\">\n\t\t\t\t<div class=\"elementor-widget-container\">\n\t\t\t<style>\/*! elementor - v3.7.3 - 29-08-2022 *\/\n.elementor-widget-image{text-align:center}.elementor-widget-image a{display:inline-block}.elementor-widget-image a img[src$=\".svg\"]{width:48px}.elementor-widget-image img{vertical-align:middle;display:inline-block}<\/style>\t\t\t\t\t\t\t\t\t\t\t\t\t<a href=\"https:\/\/homologacao.websyte.com.br\/teatrovillalobos\/o-pequeno-principe\/\">\n\t\t\t\t\t\t\t<img loading=\"lazy\" decoding=\"async\" width=\"1024\" height=\"678\" src=\"https:\/\/homologacao.websyte.com.br\/teatrovillalobos\/wp-content\/uploads\/2022\/11\/teatro-villa-lobos-o-pequeno-principe-1024x678.jpg\" class=\"attachment-large size-large\" alt=\"\" srcset=\"https:\/\/homologacao.websyte.com.br\/teatrovillalobos\/wp-content\/uploads\/2022\/11\/teatro-villa-lobos-o-pequeno-principe-1024x678.jpg 1024w, https:\/\/homologacao.websyte.com.br\/teatrovillalobos\/wp-content\/uploads\/2022\/11\/teatro-villa-lobos-o-pequeno-principe-300x199.jpg 300w, https:\/\/homologacao.websyte.com.br\/teatrovillalobos\/wp-content\/uploads\/2022\/11\/teatro-villa-lobos-o-pequeno-principe-768x508.jpg 768w, https:\/\/homologacao.websyte.com.br\/teatrovillalobos\/wp-content\/uploads\/2022\/11\/teatro-villa-lobos-o-pequeno-principe-600x397.jpg 600w, https:\/\/homologacao.websyte.com.br\/teatrovillalobos\/wp-content\/uploads\/2022\/11\/teatro-villa-lobos-o-pequeno-principe.jpg 1076w\" sizes=\"auto, (max-width: 1024px) 100vw, 1024px\" \/>\t\t\t\t\t\t\t\t<\/a>\n\t\t\t\t\t\t\t\t\t\t\t\t\t\t\t<\/div>\n\t\t\t\t<\/div>\n\t\t\t\t\t<\/div>\n\t\t<\/div>\n\t\t\t\t<div class=\"elementor-column elementor-col-50 elementor-top-column elementor-element elementor-element-940704a\" data-id=\"940704a\" data-element_type=\"column\">\n\t\t\t<div class=\"elementor-widget-wrap elementor-element-populated\">\n\t\t\t\t\t\t\t\t<div class=\"elementor-element elementor-element-c69f876 elementor-widget elementor-widget-heading\" data-id=\"c69f876\" data-element_type=\"widget\" data-widget_type=\"heading.default\">\n\t\t\t\t<div class=\"elementor-widget-container\">\n\t\t\t<h2 class=\"elementor-heading-title elementor-size-default\"><a href=\"https:\/\/homologacao.websyte.com.br\/teatrovillalobos\/o-pequeno-principe\/\">O Pequeno Pr\u00edncipe<\/a><\/h2>\t\t<\/div>\n\t\t\t\t<\/div>\n\t\t\t\t<div class=\"elementor-element elementor-element-0acb4d6 line-height-35 elementor-widget elementor-widget-text-editor\" data-id=\"0acb4d6\" data-element_type=\"widget\" data-widget_type=\"text-editor.default\">\n\t\t\t\t<div class=\"elementor-widget-container\">\n\t\t\t<style>\/*! elementor - v3.7.3 - 29-08-2022 *\/\n.elementor-widget-text-editor.elementor-drop-cap-view-stacked .elementor-drop-cap{background-color:#818a91;color:#fff}.elementor-widget-text-editor.elementor-drop-cap-view-framed .elementor-drop-cap{color:#818a91;border:3px solid;background-color:transparent}.elementor-widget-text-editor:not(.elementor-drop-cap-view-default) .elementor-drop-cap{margin-top:8px}.elementor-widget-text-editor:not(.elementor-drop-cap-view-default) .elementor-drop-cap-letter{width:1em;height:1em}.elementor-widget-text-editor .elementor-drop-cap{float:left;text-align:center;line-height:1;font-size:50px}.elementor-widget-text-editor .elementor-drop-cap-letter{display:inline-block}<\/style>\t\t\t\t<p>Emocionante hist\u00f3ria de Antoine de Saint-Exup\u00e9ry. A Raposa e a Rosa ajudam o Pequeno Pr\u00edncipe a contar a sua jornada pelo nosso planeta e a descobrir a crian\u00e7a que ainda existe dentro de cada um de n\u00f3s.<\/p>\t\t\t\t\t\t<\/div>\n\t\t\t\t<\/div>\n\t\t\t\t\t<\/div>\n\t\t<\/div>\n\t\t\t\t\t\t\t<\/div>\n\t\t<\/section>\n\t\t\t\t<section class=\"elementor-section elementor-top-section elementor-element elementor-element-ef71ce0 elementor-section-boxed elementor-section-height-default elementor-section-height-default\" data-id=\"ef71ce0\" data-element_type=\"section\">\n\t\t\t\t\t\t<div class=\"elementor-container elementor-column-gap-default\">\n\t\t\t\t\t<div class=\"elementor-column elementor-col-100 elementor-top-column elementor-element elementor-element-74cfb2d\" data-id=\"74cfb2d\" data-element_type=\"column\">\n\t\t\t<div class=\"elementor-widget-wrap elementor-element-populated\">\n\t\t\t\t\t\t\t\t<div class=\"elementor-element elementor-element-c13b126 elementor-align-center elementor-widget elementor-widget-button\" data-id=\"c13b126\" data-element_type=\"widget\" data-widget_type=\"button.default\">\n\t\t\t\t<div class=\"elementor-widget-container\">\n\t\t\t\t\t<div class=\"elementor-button-wrapper\">\n\t\t\t<a href=\"https:\/\/homologacao.websyte.com.br\/teatrovillalobos\/espetaculos\/\" class=\"elementor-button-link elementor-button elementor-size-sm\" role=\"button\">\n\t\t\t\t\t\t<span class=\"elementor-button-content-wrapper\">\n\t\t\t\t\t\t<span class=\"elementor-button-text\">Veja nossos espet\u00e1culos<\/span>\n\t\t<\/span>\n\t\t\t\t\t<\/a>\n\t\t<\/div>\n\t\t\t\t<\/div>\n\t\t\t\t<\/div>\n\t\t\t\t\t<\/div>\n\t\t<\/div>\n\t\t\t\t\t\t\t<\/div>\n\t\t<\/section>\n\t\t\t\t<section class=\"elementor-section elementor-top-section elementor-element elementor-element-275e584 elementor-section-boxed elementor-section-height-default elementor-section-height-default\" data-id=\"275e584\" data-element_type=\"section\" data-settings=\"{&quot;background_background&quot;:&quot;classic&quot;}\">\n\t\t\t\t\t\t<div class=\"elementor-container elementor-column-gap-default\">\n\t\t\t\t\t<div class=\"elementor-column elementor-col-33 elementor-top-column elementor-element elementor-element-c132b45\" data-id=\"c132b45\" data-element_type=\"column\">\n\t\t\t<div class=\"elementor-widget-wrap elementor-element-populated\">\n\t\t\t\t\t\t\t\t<div class=\"elementor-element elementor-element-9e948ef elementor-widget elementor-widget-heading\" data-id=\"9e948ef\" data-element_type=\"widget\" data-widget_type=\"heading.default\">\n\t\t\t\t<div class=\"elementor-widget-container\">\n\t\t\t<h2 class=\"elementor-heading-title elementor-size-default\">Sobre o\nTeatro<\/h2>\t\t<\/div>\n\t\t\t\t<\/div>\n\t\t\t\t\t<\/div>\n\t\t<\/div>\n\t\t\t\t<div class=\"elementor-column elementor-col-66 elementor-top-column elementor-element elementor-element-c2997bb\" data-id=\"c2997bb\" data-element_type=\"column\">\n\t\t\t<div class=\"elementor-widget-wrap elementor-element-populated\">\n\t\t\t\t\t\t\t\t<div class=\"elementor-element elementor-element-758ad1f line-height-35 elementor-widget elementor-widget-text-editor\" data-id=\"758ad1f\" data-element_type=\"widget\" data-widget_type=\"text-editor.default\">\n\t\t\t\t<div class=\"elementor-widget-container\">\n\t\t\t\t\t\t\t<p>Desenhado cuidadosamente pelo arquiteto Carlos Bratke (1942-2017), o Teatro possui projetos de ac\u00fastica e cenot\u00e9cnica que empregam materiais e equipamentos de ponta, utilizados nos mais modernos teatros nacionais e internacionais. Localizado no 4\u00ba andar do Shopping VillaLobos.<\/p>\t\t\t\t\t\t<\/div>\n\t\t\t\t<\/div>\n\t\t\t\t\t<\/div>\n\t\t<\/div>\n\t\t\t\t\t\t\t<\/div>\n\t\t<\/section>\n\t\t\t\t<section class=\"elementor-section elementor-top-section elementor-element elementor-element-0b466f5 elementor-section-full_width elementor-section-height-default elementor-section-height-default\" data-id=\"0b466f5\" data-element_type=\"section\">\n\t\t\t\t\t\t<div class=\"elementor-container elementor-column-gap-default\">\n\t\t\t\t\t<div class=\"elementor-column elementor-col-100 elementor-top-column elementor-element elementor-element-b9a6977\" data-id=\"b9a6977\" data-element_type=\"column\">\n\t\t\t<div class=\"elementor-widget-wrap elementor-element-populated\">\n\t\t\t\t\t\t\t\t<div class=\"elementor-element elementor-element-cd91405 elementor-widget elementor-widget-google_maps\" data-id=\"cd91405\" data-element_type=\"widget\" data-widget_type=\"google_maps.default\">\n\t\t\t\t<div class=\"elementor-widget-container\">\n\t\t\t<style>\/*! elementor - v3.7.3 - 29-08-2022 *\/\n.elementor-widget-google_maps .elementor-widget-container{overflow:hidden}.elementor-widget-google_maps iframe{height:300px}<\/style>\t\t<div class=\"elementor-custom-embed\">\n\t\t\t<iframe frameborder=\"0\" scrolling=\"no\" marginheight=\"0\" marginwidth=\"0\"\n\t\t\t\t\tsrc=\"https:\/\/maps.google.com\/maps?q=Av.%20Dra.%20Ruth%20Cardoso%2C%204777%20-%20Jardim%20Universidade%20PinheirosS%C3%A3o%20Paulo%20-%20SP%2C%2005477-000&#038;t=m&#038;z=17&#038;output=embed&#038;iwloc=near\"\n\t\t\t\t\ttitle=\"Av. Dra. Ruth Cardoso, 4777 - Jardim Universidade PinheirosS\u00e3o Paulo - SP, 05477-000\"\n\t\t\t\t\taria-label=\"Av. Dra. Ruth Cardoso, 4777 - Jardim Universidade PinheirosS\u00e3o Paulo - SP, 05477-000\"\n\t\t\t><\/iframe>\n\t\t<\/div>\n\t\t\t\t<\/div>\n\t\t\t\t<\/div>\n\t\t\t\t\t<\/div>\n\t\t<\/div>\n\t\t\t\t\t\t\t<\/div>\n\t\t<\/section>\n\t\t\t\t\t\t\t<\/div>\n\t\t","protected":false},"excerpt":{"rendered":"<p>Slide 1 &#8220;> O Pequeno Pr\u00edncipeEmocionante hist\u00f3ria de Antoine de Saint-Exup\u00e9rySaiba mais Programa\u00e7\u00e3o O Pequeno Pr\u00edncipe Emocionante hist\u00f3ria de Antoine de Saint-Exup\u00e9ry. A Raposa e a Rosa ajudam o Pequeno Pr\u00edncipe a contar a sua jornada pelo nosso planeta e a descobrir a crian\u00e7a que ainda existe dentro de cada um de n\u00f3s. Veja nossos [&hellip;]<\/p>\n","protected":false},"author":1,"featured_media":0,"parent":0,"menu_order":0,"comment_status":"closed","ping_status":"closed","template":"elementor_header_footer","meta":{"footnotes":""},"class_list":["post-5113","page","type-page","status-publish","hentry"],"aioseo_notices":[],"_links":{"self":[{"href":"https:\/\/homologacao.websyte.com.br\/teatrovillalobos\/wp-json\/wp\/v2\/pages\/5113","targetHints":{"allow":["GET"]}}],"collection":[{"href":"https:\/\/homologacao.websyte.com.br\/teatrovillalobos\/wp-json\/wp\/v2\/pages"}],"about":[{"href":"https:\/\/homologacao.websyte.com.br\/teatrovillalobos\/wp-json\/wp\/v2\/types\/page"}],"author":[{"embeddable":true,"href":"https:\/\/homologacao.websyte.com.br\/teatrovillalobos\/wp-json\/wp\/v2\/users\/1"}],"replies":[{"embeddable":true,"href":"https:\/\/homologacao.websyte.com.br\/teatrovillalobos\/wp-json\/wp\/v2\/comments?post=5113"}],"version-history":[{"count":61,"href":"https:\/\/homologacao.websyte.com.br\/teatrovillalobos\/wp-json\/wp\/v2\/pages\/5113\/revisions"}],"predecessor-version":[{"id":5344,"href":"https:\/\/homologacao.websyte.com.br\/teatrovillalobos\/wp-json\/wp\/v2\/pages\/5113\/revisions\/5344"}],"wp:attachment":[{"href":"https:\/\/homologacao.websyte.com.br\/teatrovillalobos\/wp-json\/wp\/v2\/media?parent=5113"}],"curies":[{"name":"wp","href":"https:\/\/api.w.org\/{rel}","templated":true}]}}